{"id":1224,"date":"2023-03-30T18:12:51","date_gmt":"2023-03-30T18:12:51","guid":{"rendered":"https:\/\/www.nk-baugmbh.de\/?page_id=1224"},"modified":"2023-03-30T18:19:33","modified_gmt":"2023-03-30T18:19:33","slug":"datenschutz","status":"publish","type":"page","link":"https:\/\/www.nk-baugmbh.de\/index.php\/datenschutz\/","title":{"rendered":"Datenschutz"},"content":{"rendered":"\t\t<div data-elementor-type=\"wp-page\" data-elementor-id=\"1224\" class=\"elementor elementor-1224\">\n\t\t\t\t\t\t\t\t\t<section class=\"elementor-section elementor-top-section elementor-element elementor-element-bb43b6b elementor-section-boxed elementor-section-height-default elementor-section-height-default\" data-id=\"bb43b6b\" data-element_type=\"section\" data-settings=\"{&quot;background_background&quot;:&quot;classic&quot;}\">\n\t\t\t\t\t\t\t<div class=\"elementor-background-overlay\"><\/div>\n\t\t\t\t\t\t\t<div class=\"elementor-container elementor-column-gap-default\">\n\t\t\t\t\t<div class=\"elementor-column elementor-col-100 elementor-top-column elementor-element elementor-element-1199abb\" data-id=\"1199abb\" data-element_type=\"column\">\n\t\t\t<div class=\"elementor-widget-wrap elementor-element-populated\">\n\t\t\t\t\t\t\t\t<div class=\"elementor-element elementor-element-ae6c6e0 elementor-widget elementor-widget-heading\" data-id=\"ae6c6e0\" data-element_type=\"widget\" data-widget_type=\"heading.default\">\n\t\t\t\t<div class=\"elementor-widget-container\">\n\t\t\t<style>\/*! elementor - v3.11.5 - 14-03-2023 *\/\n.elementor-heading-title{padding:0;margin:0;line-height:1}.elementor-widget-heading .elementor-heading-title[class*=elementor-size-]>a{color:inherit;font-size:inherit;line-height:inherit}.elementor-widget-heading .elementor-heading-title.elementor-size-small{font-size:15px}.elementor-widget-heading .elementor-heading-title.elementor-size-medium{font-size:19px}.elementor-widget-heading .elementor-heading-title.elementor-size-large{font-size:29px}.elementor-widget-heading .elementor-heading-title.elementor-size-xl{font-size:39px}.elementor-widget-heading .elementor-heading-title.elementor-size-xxl{font-size:59px}<\/style><h2 class=\"elementor-heading-title elementor-size-default\">Datenschutz<\/h2>\t\t<\/div>\n\t\t\t\t<\/div>\n\t\t\t\t\t<\/div>\n\t\t<\/div>\n\t\t\t\t\t\t\t<\/div>\n\t\t<\/section>\n\t\t\t\t<section class=\"elementor-section elementor-top-section elementor-element elementor-element-622a7da elementor-section-boxed elementor-section-height-default elementor-section-height-default\" data-id=\"622a7da\" data-element_type=\"section\" data-settings=\"{&quot;background_background&quot;:&quot;classic&quot;}\">\n\t\t\t\t\t\t<div class=\"elementor-container elementor-column-gap-default\">\n\t\t\t\t\t<div class=\"elementor-column elementor-col-100 elementor-top-column elementor-element elementor-element-8c7061b\" data-id=\"8c7061b\" data-element_type=\"column\">\n\t\t\t<div class=\"elementor-widget-wrap elementor-element-populated\">\n\t\t\t\t\t\t\t\t<div class=\"elementor-element elementor-element-56efc54 elementor-widget elementor-widget-text-editor\" data-id=\"56efc54\" data-element_type=\"widget\" data-widget_type=\"text-editor.default\">\n\t\t\t\t<div class=\"elementor-widget-container\">\n\t\t\t<style>\/*! elementor - v3.11.5 - 14-03-2023 *\/\n.elementor-widget-text-editor.elementor-drop-cap-view-stacked .elementor-drop-cap{background-color:#818a91;color:#fff}.elementor-widget-text-editor.elementor-drop-cap-view-framed .elementor-drop-cap{color:#818a91;border:3px solid;background-color:transparent}.elementor-widget-text-editor:not(.elementor-drop-cap-view-default) .elementor-drop-cap{margin-top:8px}.elementor-widget-text-editor:not(.elementor-drop-cap-view-default) .elementor-drop-cap-letter{width:1em;height:1em}.elementor-widget-text-editor .elementor-drop-cap{float:left;text-align:center;line-height:1;font-size:50px}.elementor-widget-text-editor .elementor-drop-cap-letter{display:inline-block}<\/style>\t\t\t\t<p><strong><u>Datenschutz:<\/u><\/strong><\/p><p>Die nachfolgenden Informationen zeigen, wie wir mit Ihren Daten umgehen:<\/p><p>Verantwortlicher f\u00fcr die Datenverarbeitung:<\/p><p>NK Bau GmbH<\/p><p>Sybelstra\u00dfe 52 <br \/>34128 Kassel\u00a0<br \/>Tel.:\u00a0+49 561 9538 0006<br \/>E-Mail:\u00a0<a href=\"mailto:info@nk-baugmbh.de\">info@nk-baugmbh.de<\/a><\/p><p>Bei Fragen rund um den Datenschutz wenden Sie sich gern jederzeit \u00fcber die vorgenannten Kontaktdaten an uns.<\/p><p>Datenverarbeitung auf unserer Webseite<\/p><p>Wir verarbeiten Ihre Daten auf Grundlage der <a href=\"https:\/\/www.datenschutz-manager-24.de\/dsgvo\/\">EU-Datenschutzgrundverordnung (DSGVO)<\/a>, des <a href=\"https:\/\/www.datenschutz-manager-24.de\/bdsg\">Bundesdatenschutzgesetzes (BDSG)<\/a> sowie aller weiteren f\u00fcr uns datenschutzrechtlich relevanten Gesetze.<\/p><p><strong>Allgemeine Erhebung von Daten<\/strong><br \/>Wenn Sie auf unsere Webseite zugreifen oder eine Datei abrufen, werden Daten \u00fcber diesen Vorgang in einer Protokolldatei auf unserem Webserver gespeichert. Im Einzelnen k\u00f6nnen folgende Daten gespeichert werden:<\/p><p>IP-Adresse (wenn m\u00f6glich, wird diese anonymisiert gespeichert)<\/p><p>Domain-Name der Webseite, von der Sie kamen<\/p><p>Namen der abgerufenen Dateien<\/p><p>Datum und Uhrzeit eines Abrufs<\/p><p>Name Ihres Internet Service Providers<\/p><p>sowie ggf. Betriebssystem und Browserversion Ihres Endger\u00e4ts<\/p><p>Diese Daten erheben wir auf der Grundlage unseres berechtigten Interesses nach <a href=\"https:\/\/www.datenschutz-manager-24.de\/dsgvo\/art-6-dsgvo\/\">Art.\u00a06\u00a0Abs.\u00a01\u00a0lit.\u00a0f\u00a0DSGVO<\/a>, die ordnungsgem\u00e4\u00dfe Funktion unserer Webseiten sicherzustellen. Wir behalten uns vor, diese Daten nachtr\u00e4glich zu pr\u00fcfen, wenn uns konkrete Anhaltspunkte f\u00fcr eine rechtswidrige Nutzung bekannt werden.<\/p><p>Die Daten werden nach sp\u00e4testens 2 Wochen wieder gel\u00f6scht. Die statistische Auswertung anonymisierter Datens\u00e4tze bleibt vorbehalten.<\/p><p><strong>Cookies<\/strong><br \/>Die Internetseiten verwenden teilweise so genannte Cookies. Cookies richten auf Ihrem Rechner keinen Schaden an und enthalten keine Viren. Cookies dienen dazu, unser Angebot nutzerfreundlicher, effektiver und sicherer zu machen. Cookies sind kleine Textdateien, die auf Ihrem Rechner abgelegt werden und die Ihr Browser speichert.<\/p><p>Die meisten der von uns verwendeten Cookies sind so genannte \u201cSession-Cookies\u201d. Sie werden nach Ende Ihres Besuchs automatisch gel\u00f6scht. Andere Cookies bleiben auf Ihrem Endger\u00e4t gespeichert bis Sie diese l\u00f6schen. Diese Cookies erm\u00f6glichen es uns, Ihren Browser beim n\u00e4chsten Besuch wiederzuerkennen.<\/p><p>Sie k\u00f6nnen Ihren Browser so einstellen, dass Sie \u00fcber das Setzen von Cookies informiert werden und Cookies nur im Einzelfall erlauben, die Annahme von Cookies f\u00fcr bestimmte F\u00e4lle oder generell ausschlie\u00dfen sowie das automatische L\u00f6schen der Cookies beim Schlie\u00dfen des Browsers aktivieren. Bei der Deaktivierung von Cookies kann die Funktionalit\u00e4t dieser Website eingeschr\u00e4nkt sein.<\/p><p>Cookies, die zur Durchf\u00fchrung des elektronischen Kommunikationsvorgangs oder zur Bereitstellung bestimmter, von Ihnen erw\u00fcnschter Funktionen erforderlich sind, werden auf Grundlage von <a href=\"https:\/\/www.datenschutz-manager-24.de\/dsgvo\/art-6-dsgvo\/\">Art.\u00a06\u00a0Abs.\u00a01\u00a0lit.\u00a0f\u00a0DSGVO<\/a> gespeichert. Der Websitebetreiber hat ein berechtigtes Interesse an der Speicherung von Cookies zur technisch fehlerfreien und optimierten Bereitstellung seiner Dienste. Soweit andere Cookies (z.B. Cookies zur Analyse Ihres Surfverhaltens) gespeichert werden, werden diese in dieser Datenschutzinformation gesondert behandelt.<\/p><p><strong>Kontaktformular<\/strong><br \/>Wenn Sie uns per Kontaktformular Anfragen zukommen lassen, werden Ihre Angaben aus dem Formular inklusive der von Ihnen dort angegebenen Kontaktdaten zwecks Bearbeitung der Anfrage und f\u00fcr den Fall von Anschlussfragen bei uns gespeichert.<\/p><p>Die Verarbeitung der in das Kontaktformular eingegebenen Daten erfolgt auf Grundlage unseres berechtigten Interesses (<a href=\"https:\/\/www.datenschutz-manager-24.de\/dsgvo\/art-6-dsgvo\/\">Art.\u00a06\u00a0Abs.\u00a01\u00a0lit.\u00a0f\u00a0DSGVO<\/a>) oder zur Durchf\u00fchrung vorvertraglicher Ma\u00dfnahmen (<a href=\"https:\/\/www.datenschutz-manager-24.de\/dsgvo\/art-6-dsgvo\/\">Art.\u00a06\u00a0Abs.\u00a01\u00a0lit.\u00a0b\u00a0DSGVO<\/a>). Ohne eine Angabe von Daten ist eine Bearbeitung Ihrer Anfrage nicht m\u00f6glich.<\/p><p>Die von Ihnen im Kontaktformular eingegebenen Daten verbleiben bei uns, bis Sie uns zur L\u00f6schung auffordern oder der Zweck f\u00fcr die Datenspeicherung entf\u00e4llt (z.B. nach abgeschlossener Bearbeitung Ihrer Anfrage). Zwingende gesetzliche Bestimmungen \u2013 insbesondere Aufbewahrungsfristen \u2013 bleiben unber\u00fchrt.<\/p><p><strong>Newsletter<\/strong><br \/>Wir versenden Newsletter mit werblichen Informationen nur mit der Einwilligung der Empf\u00e4nger auf Grundlage von <a href=\"https:\/\/www.datenschutz-manager-24.de\/dsgvo\/art-6-dsgvo\/\">Art.\u00a06\u00a0Abs.\u00a01\u00a0lit.\u00a0a\u00a0DSGVO<\/a>.<\/p><p>Die Anmeldung zu unserem Newsletter erfolgt \u00fcber ein Double-Opt-In-Verfahren: Sie erhalten nach der Anmeldung eine E-Mail, in der Sie Ihre Anmeldung best\u00e4tigen sollen.<\/p><p>Diese Best\u00e4tigung ist notwendig, um Sie als Inhaber der E-Mail zu verifizieren. Die Anmeldung zum Newsletter wird protokolliert, um die Anmeldung gem\u00e4\u00df den rechtlichen Anforderungen nachweisen zu k\u00f6nnen.<\/p><p>Dies umfasst die Speicherung der Zeitpunkte der Anmeldung und Best\u00e4tigung sowie Ihre IP-Adresse. Ebenso werden weitere Daten, die Sie bei der Newsletter-Anmeldung angegeben haben, abgespeichert. Ihre Informationen au\u00dfer der E-Mail-Adresse nutzen wir lediglich zur Personalisierung des Newsletters, dazu geh\u00f6rt beispielsweise Ihr Name.<\/p><p>Sie k\u00f6nnen den Newsletter jederzeit abbestellen. Einen Link hierf\u00fcr finden Sie in jeder Newsletter-Mail.<\/p><p><strong>Google Analytics<\/strong><br \/>Diese Website benutzt dar\u00fcber hinaus Google Analytics, einen Webanalysedienst der Google Ireland Limited, Gordon House, Barrow Street, Dublin 4, Irland (\u201eGoogle\u201c). Google Analytics verwendet sog. \u201eCookies\u201c, Textdateien, die auf Ihrem Computer gespeichert werden und die eine Analyse der Benutzung der Website durch Sie erm\u00f6glichen. Die durch das Cookie erzeugten Informationen \u00fcber Ihre Benutzung dieser Website werden in der Regel an einen Server von Google in den USA \u00fcbertragen und dort gespeichert. Im Falle der Aktivierung der IP-Anonymisierung auf dieser Webseite, wird Ihre IP-Adresse von Google jedoch innerhalb von Mitgliedstaaten der Europ\u00e4ischen Union oder in anderen Vertragsstaaten des Abkommens \u00fcber den Europ\u00e4ischen Wirtschaftsraum zuvor gek\u00fcrzt. Nur in Ausnahmef\u00e4llen wird die volle IP-Adresse an einen Server von Google in den USA \u00fcbertragen und dort gek\u00fcrzt. Im Auftrag des Betreibers dieser Website wird Google diese Informationen benutzen, um Ihre Nutzung der Website auszuwerten, um Reports \u00fcber die Websiteaktivit\u00e4ten zusammenzustellen und um weitere mit der Websitenutzung und der Internetnutzung verbundene Dienstleistungen gegen\u00fcber dem Websitebetreiber zu erbringen. Die im Rahmen von Google Analytics von Ihrem Browser \u00fcbermittelte IP-Adresse wird nicht mit anderen Daten von Google zusammengef\u00fchrt. Sie k\u00f6nnen die Speicherung der Cookies durch eine entsprechende Einstellung Ihrer Browser-Software verhindern; wir weisen Sie jedoch darauf hin, dass Sie in diesem Fall gegebenenfalls nicht s\u00e4mtliche Funktionen dieser Website vollumf\u00e4nglich werden nutzen k\u00f6nnen. Sie k\u00f6nnen dar\u00fcber hinaus die Erfassung der durch das Cookie erzeugten und auf Ihre Nutzung der Website bezogenen Daten (inkl. Ihrer IP-Adresse) an Google sowie die Verarbeitung dieser Daten durch Google verhindern, indem sie das unter dem folgenden Link verf\u00fcgbare Browser-Plugin herunterladen und installieren:<br \/>https:\/\/tools.google.com\/dlpage\/gaoptout?hl=de. Durch die Nutzung dieser Website erkl\u00e4ren Sie sich mit der Bearbeitung der \u00fcber Sie erhobenen Daten durch Google in der zuvor beschriebenen Art und Weise und zu dem zuvor benannten Zweck einverstanden.<\/p><p><strong>Google Maps<\/strong><br \/>Die Webseite verwendet Google Maps, um geographische Informationen visuell darzustellen. Google Maps wird von Google Ireland Limited, Gordon House, Barrow Street, Dublin 4, Irland (\u201cGoogle\u201d) betrieben. Bei der Nutzung von Google Maps werden von Google auch Daten \u00fcber die Nutzung der Maps-Funktionen durch Besucher des Interportals erhoben, verarbeitet und genutzt. N\u00e4here Informationen zur Datenverarbeitung durch Google k\u00f6nnen Sie den Datenschutzhinweisen von Google entnehmen: https:\/\/www.google.com\/privacypolicy.html. Im Datenschutzcenter von Google k\u00f6nnen Sie dar\u00fcber hinaus Ihre Einstellungen ver\u00e4ndern, so dass Sie Einstellungen zur Verwaltung und Schutz Ihrer Daten vornehmen k\u00f6nnen. Anleitungen zum Verwalten der eigenen Daten im Zusammenhang mit Google-Produkten finden Sie auf der folgenden von Google betriebenen Seite: https:\/\/support.google.com\/accounts\/answer\/3024190.<\/p><p><strong>Google Fonts<\/strong><br \/>Auf unserer Webseite werden externe Schriften (Google Fonts) verwendet. Google Fonts ist ein Dienst der Google Ireland Ltd (\u201eGoogle\u201c). Die Einbindung dieser Web Fonts erfolgt durch einen Serveraufruf, in der Regel ein Server von Google in den USA. Hierdurch wird an den Server \u00fcbermittelt, welche unserer Internetseiten Sie besucht haben. Auch wird die IP-Adresse des Browsers des Endger\u00e4tes des Besuchers dieser Internetseiten von Google gespeichert. N\u00e4here Informationen finden Sie in den Datenschutzhinweisen von Google, die Sie hier abrufen k\u00f6nnen: <a href=\"https:\/\/emmeluth-bau.de\/datenschutz\/www.google.com\/fonts#AboutPlace:about\">www.google.com\/fonts#AboutPlace:about<\/a> und <a href=\"https:\/\/emmeluth-bau.de\/datenschutz\/www.google.com\/policies\/privacy\/\">www.google.com\/policies\/privacy\/<\/a>.<\/p><p>Empf\u00e4nger personenbezogener Daten<\/p><p>Wir geben Ihre Daten nur dann an Dritte weiter, wenn dies zur Zweckerf\u00fcllung notwendig werden sollte. Weiterhin kann eine Datenweitergabe auf Grundlage gesetzlicher Vorschriften gem\u00e4\u00df <a href=\"https:\/\/www.datenschutz-manager-24.de\/dsgvo\/art-6-dsgvo\/\">Art.\u00a06\u00a0Abs.\u00a01\u00a0lit.\u00a0c\u00a0und\u00a0e\u00a0DSGVO<\/a> an Beh\u00f6rden erfolgen.Dar\u00fcber hinaus setzen wir in diversen F\u00e4llen Auftragsverarbeiter gem\u00e4\u00df <a href=\"https:\/\/www.datenschutz-manager-24.de\/dsgvo\/art-28-dsgvo\/\">Art.\u00a028\u00a0DSGVO<\/a> ein, welche im Zusammenhang mit deren Dienstleistung Daten von uns erhalten oder Zugriff auf Ihre Daten haben k\u00f6nnen.<\/p><p>Direktwerbung und Widerspruch<\/p><p>Zu Werbezwecken informieren wir Kunden (auf Basis unseres berechtigten Interesses f\u00fcr Direktwerbung gem\u00e4\u00df <a href=\"https:\/\/www.datenschutz-manager-24.de\/dsgvo\/art-6-dsgvo\/\">Art.\u00a06\u00a0Abs.\u00a01\u00a0lit.\u00a0f\u00a0DSGVO<\/a>) \u00fcber verschiedene Kommunikationswege (Bsp.: E-Mail, Brief) \u00fcber Neuerungen und Angebote.<\/p><p><strong>Sie haben jederzeit das Recht, gegen die Datenverarbeitung zu Zwecken der Direktwerbung zu widersprechen.<\/strong><br \/>Die Daten, die f\u00fcr Direktwerbung erforderlich sind, werden bis zum Widerspruch gegen die Direktwerbung gespeichert.<\/p><p>Ihre Rechte<\/p><p>Sie haben gegen\u00fcber uns folgende Rechte hinsichtlich der Sie betreffenden personenbezogenen Daten:<\/p><p>Recht auf Auskunft (<a href=\"https:\/\/www.datenschutz-manager-24.de\/dsgvo\/art-15-dsgvo\/\">15\u00a0DSGVO<\/a>)<\/p><p>Recht auf Widerruf einer Einwilligung (<a href=\"https:\/\/www.datenschutz-manager-24.de\/dsgvo\/art-7-dsgvo\/\">7\u00a0Abs.\u00a03\u00a0DSGVO<\/a>)<\/p><p>Recht auf Berichtigung (<a href=\"https:\/\/www.datenschutz-manager-24.de\/dsgvo\/art-16-dsgvo\/\">16\u00a0DSGVO<\/a>) oder L\u00f6schung (<a href=\"https:\/\/www.datenschutz-manager-24.de\/dsgvo\/art-17-dsgvo\/\">Art.\u00a017\u00a0DSGVO<\/a>)<\/p><p>Recht auf Einschr\u00e4nkung der Verarbeitung (<a href=\"https:\/\/www.datenschutz-manager-24.de\/dsgvo\/art-18-dsgvo\/\">18\u00a0DSGVO<\/a>)<\/p><p>Recht auf Widerspruch gegen die Verarbeitung (<a href=\"https:\/\/www.datenschutz-manager-24.de\/dsgvo\/art-21-dsgvo\/\">21\u00a0DSGVO<\/a>)<\/p><p>Recht auf Daten\u00fcbertragbarkeit (<a href=\"https:\/\/www.datenschutz-manager-24.de\/dsgvo\/art-20-dsgvo\/\">20\u00a0DSGVO<\/a>)<\/p><p>Sie haben zudem das Recht, sich bei einer Datenschutz-Aufsichtsbeh\u00f6rde \u00fcber die Verarbeitung Ihrer personenbezogenen Daten durch uns zu beschweren (<a href=\"https:\/\/www.datenschutz-manager-24.de\/dsgvo\/art-77-dsgvo\/\">Art.\u00a077\u00a0DSGVO<\/a>).<\/p><p>Aktualit\u00e4t und \u00c4nderung dieser Datenschutzinformation<\/p><p>Diese Datenschutzinformation ist aktuell g\u00fcltig (siehe Stand in der \u00dcberschrift). Durch die Weiterentwicklung unserer Angebote oder aufgrund ge\u00e4nderter gesetzlicher beziehungsweise beh\u00f6rdlicher Vorgaben kann es notwendig werden, diese Datenschutzinformation zu \u00e4ndern.<\/p><p><strong><u>\u00a0<\/u><\/strong><\/p>\t\t\t\t\t\t<\/div>\n\t\t\t\t<\/div>\n\t\t\t\t\t<\/div>\n\t\t<\/div>\n\t\t\t\t\t\t\t<\/div>\n\t\t<\/section>\n\t\t\t\t\t\t\t<\/div>\n\t\t","protected":false},"excerpt":{"rendered":"<p>Datenschutz Datenschutz: Die nachfolgenden Informationen zeigen, wie wir mit Ihren Daten umgehen: Verantwortlicher f\u00fcr die Datenverarbeitung: NK Bau GmbH Sybelstra\u00dfe 52 34128 Kassel\u00a0Tel.:\u00a0+49 561 9538 0006E-Mail:\u00a0info@nk-baugmbh.de Bei Fragen rund um den Datenschutz wenden Sie sich gern jederzeit \u00fcber die vorgenannten Kontaktdaten an uns. Datenverarbeitung auf unserer Webseite Wir verarbeiten Ihre Daten auf Grundlage der EU-Datenschutzgrundverordnung [&hellip;]<\/p>\n","protected":false},"author":1,"featured_media":0,"parent":0,"menu_order":0,"comment_status":"closed","ping_status":"closed","template":"","meta":[],"yoast_head":"<!-- This site is optimized with the Yoast SEO plugin v19.13-RC1 - https:\/\/yoast.com\/wordpress\/plugins\/seo\/ -->\n<title>Datenschutz - Nk-baugmbh<\/title>\n<meta name=\"robots\" content=\"index, follow, max-snippet:-1, max-image-preview:large, max-video-preview:-1\" \/>\n<link rel=\"canonical\" href=\"https:\/\/www.nk-baugmbh.de\/index.php\/datenschutz\/\" \/>\n<meta property=\"og:locale\" content=\"en_US\" \/>\n<meta property=\"og:type\" content=\"article\" \/>\n<meta property=\"og:title\" content=\"Datenschutz - Nk-baugmbh\" \/>\n<meta property=\"og:description\" content=\"Datenschutz Datenschutz: Die nachfolgenden Informationen zeigen, wie wir mit Ihren Daten umgehen: Verantwortlicher f\u00fcr die Datenverarbeitung: NK Bau GmbH Sybelstra\u00dfe 52 34128 Kassel\u00a0Tel.:\u00a0+49 561 9538 0006E-Mail:\u00a0info@nk-baugmbh.de Bei Fragen rund um den Datenschutz wenden Sie sich gern jederzeit \u00fcber die vorgenannten Kontaktdaten an uns. Datenverarbeitung auf unserer Webseite Wir verarbeiten Ihre Daten auf Grundlage der EU-Datenschutzgrundverordnung [&hellip;]\" \/>\n<meta property=\"og:url\" content=\"https:\/\/www.nk-baugmbh.de\/index.php\/datenschutz\/\" \/>\n<meta property=\"og:site_name\" content=\"Nk-baugmbh\" \/>\n<meta property=\"article:modified_time\" content=\"2023-03-30T18:19:33+00:00\" \/>\n<meta name=\"twitter:card\" content=\"summary_large_image\" \/>\n<meta name=\"twitter:label1\" content=\"Est. reading time\" \/>\n\t<meta name=\"twitter:data1\" content=\"7 minutes\" \/>\n<script type=\"application\/ld+json\" class=\"yoast-schema-graph\">{\"@context\":\"https:\/\/schema.org\",\"@graph\":[{\"@type\":\"WebPage\",\"@id\":\"https:\/\/www.nk-baugmbh.de\/index.php\/datenschutz\/\",\"url\":\"https:\/\/www.nk-baugmbh.de\/index.php\/datenschutz\/\",\"name\":\"Datenschutz - Nk-baugmbh\",\"isPartOf\":{\"@id\":\"https:\/\/www.nk-baugmbh.de\/#website\"},\"datePublished\":\"2023-03-30T18:12:51+00:00\",\"dateModified\":\"2023-03-30T18:19:33+00:00\",\"breadcrumb\":{\"@id\":\"https:\/\/www.nk-baugmbh.de\/index.php\/datenschutz\/#breadcrumb\"},\"inLanguage\":\"en-US\",\"potentialAction\":[{\"@type\":\"ReadAction\",\"target\":[\"https:\/\/www.nk-baugmbh.de\/index.php\/datenschutz\/\"]}]},{\"@type\":\"BreadcrumbList\",\"@id\":\"https:\/\/www.nk-baugmbh.de\/index.php\/datenschutz\/#breadcrumb\",\"itemListElement\":[{\"@type\":\"ListItem\",\"position\":1,\"name\":\"Home\",\"item\":\"https:\/\/www.nk-baugmbh.de\/\"},{\"@type\":\"ListItem\",\"position\":2,\"name\":\"Datenschutz\"}]},{\"@type\":\"WebSite\",\"@id\":\"https:\/\/www.nk-baugmbh.de\/#website\",\"url\":\"https:\/\/www.nk-baugmbh.de\/\",\"name\":\"Nk-baugmbh\",\"description\":\"\",\"potentialAction\":[{\"@type\":\"SearchAction\",\"target\":{\"@type\":\"EntryPoint\",\"urlTemplate\":\"https:\/\/www.nk-baugmbh.de\/?s={search_term_string}\"},\"query-input\":\"required name=search_term_string\"}],\"inLanguage\":\"en-US\"}]}<\/script>\n<!-- \/ Yoast SEO plugin. -->","yoast_head_json":{"title":"Datenschutz - Nk-baugmbh","robots":{"index":"index","follow":"follow","max-snippet":"max-snippet:-1","max-image-preview":"max-image-preview:large","max-video-preview":"max-video-preview:-1"},"canonical":"https:\/\/www.nk-baugmbh.de\/index.php\/datenschutz\/","og_locale":"en_US","og_type":"article","og_title":"Datenschutz - Nk-baugmbh","og_description":"Datenschutz Datenschutz: Die nachfolgenden Informationen zeigen, wie wir mit Ihren Daten umgehen: Verantwortlicher f\u00fcr die Datenverarbeitung: NK Bau GmbH Sybelstra\u00dfe 52 34128 Kassel\u00a0Tel.:\u00a0+49 561 9538 0006E-Mail:\u00a0info@nk-baugmbh.de Bei Fragen rund um den Datenschutz wenden Sie sich gern jederzeit \u00fcber die vorgenannten Kontaktdaten an uns. Datenverarbeitung auf unserer Webseite Wir verarbeiten Ihre Daten auf Grundlage der EU-Datenschutzgrundverordnung [&hellip;]","og_url":"https:\/\/www.nk-baugmbh.de\/index.php\/datenschutz\/","og_site_name":"Nk-baugmbh","article_modified_time":"2023-03-30T18:19:33+00:00","twitter_card":"summary_large_image","twitter_misc":{"Est. reading time":"7 minutes"},"schema":{"@context":"https:\/\/schema.org","@graph":[{"@type":"WebPage","@id":"https:\/\/www.nk-baugmbh.de\/index.php\/datenschutz\/","url":"https:\/\/www.nk-baugmbh.de\/index.php\/datenschutz\/","name":"Datenschutz - Nk-baugmbh","isPartOf":{"@id":"https:\/\/www.nk-baugmbh.de\/#website"},"datePublished":"2023-03-30T18:12:51+00:00","dateModified":"2023-03-30T18:19:33+00:00","breadcrumb":{"@id":"https:\/\/www.nk-baugmbh.de\/index.php\/datenschutz\/#breadcrumb"},"inLanguage":"en-US","potentialAction":[{"@type":"ReadAction","target":["https:\/\/www.nk-baugmbh.de\/index.php\/datenschutz\/"]}]},{"@type":"BreadcrumbList","@id":"https:\/\/www.nk-baugmbh.de\/index.php\/datenschutz\/#breadcrumb","itemListElement":[{"@type":"ListItem","position":1,"name":"Home","item":"https:\/\/www.nk-baugmbh.de\/"},{"@type":"ListItem","position":2,"name":"Datenschutz"}]},{"@type":"WebSite","@id":"https:\/\/www.nk-baugmbh.de\/#website","url":"https:\/\/www.nk-baugmbh.de\/","name":"Nk-baugmbh","description":"","potentialAction":[{"@type":"SearchAction","target":{"@type":"EntryPoint","urlTemplate":"https:\/\/www.nk-baugmbh.de\/?s={search_term_string}"},"query-input":"required name=search_term_string"}],"inLanguage":"en-US"}]}},"_links":{"self":[{"href":"https:\/\/www.nk-baugmbh.de\/index.php\/wp-json\/wp\/v2\/pages\/1224"}],"collection":[{"href":"https:\/\/www.nk-baugmbh.de\/index.php\/wp-json\/wp\/v2\/pages"}],"about":[{"href":"https:\/\/www.nk-baugmbh.de\/index.php\/wp-json\/wp\/v2\/types\/page"}],"author":[{"embeddable":true,"href":"https:\/\/www.nk-baugmbh.de\/index.php\/wp-json\/wp\/v2\/users\/1"}],"replies":[{"embeddable":true,"href":"https:\/\/www.nk-baugmbh.de\/index.php\/wp-json\/wp\/v2\/comments?post=1224"}],"version-history":[{"count":7,"href":"https:\/\/www.nk-baugmbh.de\/index.php\/wp-json\/wp\/v2\/pages\/1224\/revisions"}],"predecessor-version":[{"id":1234,"href":"https:\/\/www.nk-baugmbh.de\/index.php\/wp-json\/wp\/v2\/pages\/1224\/revisions\/1234"}],"wp:attachment":[{"href":"https:\/\/www.nk-baugmbh.de\/index.php\/wp-json\/wp\/v2\/media?parent=1224"}],"curies":[{"name":"wp","href":"https:\/\/api.w.org\/{rel}","templated":true}]}}